{"id":286,"date":"2016-10-31T13:17:59","date_gmt":"2016-10-31T16:17:59","guid":{"rendered":"https:\/\/ifdpujol-crr.infd.edu.ar\/sitio\/?page_id=286"},"modified":"2023-04-26T10:51:33","modified_gmt":"2023-04-26T13:51:33","slug":"inicio","status":"publish","type":"page","link":"https:\/\/ifdpujol-crr.infd.edu.ar\/sitio\/","title":{"rendered":"Inicio"},"content":{"rendered":"<!-- MetaSlider 403 not found -->\n<p>&nbsp;<\/p>\n<p style=\"text-align: center;\"><span style=\"font-size: 14pt;\"><em style=\"color: #339966;\"><strong><span style=\"color: #339966;\"><span style=\"color: #339966;\"><span style=\"color: #339966;\">Instituto Superior de Formaci\u00f3n Docente<\/span><\/span><\/span><\/strong><\/em><\/span><\/p>\n<p style=\"text-align: center;\"><span style=\"color: #339966;\"><em><strong><span style=\"font-size: x-large;\"><span style=\"font-family: helvetica;\">Dr. Juan Gregorio Pujol<\/span><\/span><\/strong><\/em><\/span><\/p>\n<p style=\"text-align: center;\"><a href=\"http:\/\/&lt;iframe width=\"><iframe loading=\"lazy\" src=\"https:\/\/www.youtube.com\/embed\/0FdD4QJQ03g\" width=\"560\" height=\"315\" frameborder=\"0\" allowfullscreen=\"allowfullscreen\"><\/iframe><\/a><\/p>\n<p style=\"text-align: justify;\"><span style=\"font-size: 10pt; font-family: Verdana; color: #000000;\">E<\/span><span style=\"font-size: 10pt; font-family: Verdana; color: #000000;\">ste Instituto Superior de Formaci\u00f3n Docente de la ciudad Capital de la Provincia de Corrientes y forma parte del sistema de educaci\u00f3n\u00a0 superior de gesti\u00f3n estatal.<\/span><\/p>\n<p style=\"text-align: left;\"><span style=\"font-size: 10pt; font-family: Verdana; color: #000000;\"><img decoding=\"async\" loading=\"lazy\" style=\"display: block; margin-left: auto; margin-right: auto;\" title=\"Fachada_ISFDPujol_Portal\" src=\"https:\/\/ifdpujol-crr.infd.edu.ar\/sitio\/wp-content\/uploads\/2018\/06\/Copia_de_FachaISFD_Pujol.jpg\" alt=\"Fachada_ISFDPujol_Portal\" width=\"341\" height=\"248\" border=\"0\" \/><\/span><\/p>\n<p style=\"text-align: justify;\">\u00a0<span style=\"font-size: 10pt; font-family: Verdana; color: #000000;\">A trav\u00e9s de este sitio en Internet, nuestro Instituto podr\u00e1 comunicar novedades, acercar informaci\u00f3n, compartir experiencias y brindar apoyo y asesoramiento a\u00a0alumnos, docentes e interesados en formar parte de esta comunidad educativa.<\/span><\/p>\n<p style=\"text-align: justify;\"><span style=\"font-size: 10pt; font-family: Verdana; color: #000000;\">Junto con varios cientos de Institutos, integramos la <strong><em><span style=\"font-family: Verdana;\">Red\u00a0Virtual de Institutos Superiores de Formaci\u00f3n Docente<\/span><\/em><\/strong>\u00a0coordinada por el <strong><span style=\"font-family: Verdana;\">INFD<\/span><\/strong> (Instituto Nacional de Formaci\u00f3n Docente) dependiente del Ministerio de Educaci\u00f3n de la Naci\u00f3n Argentina.<\/span><\/p>\n","protected":false},"excerpt":{"rendered":"<p>&nbsp; Instituto Superior de Formaci\u00f3n Docente Dr. Juan Gregorio Pujol Este Instituto Superior de Formaci\u00f3n Docente de la ciudad Capital de la Provincia de Corrientes y forma parte del sistema de educaci\u00f3n\u00a0 superior de gesti\u00f3n estatal. \u00a0A trav\u00e9s de este sitio en Internet, nuestro Instituto podr\u00e1 comunicar novedades, acercar informaci\u00f3n, compartir experiencias y brindar apoyo &#8230; <a title=\"Inicio\" class=\"read-more\" href=\"https:\/\/ifdpujol-crr.infd.edu.ar\/sitio\/\" aria-label=\"More on Inicio\">[+]<\/a><\/p>\n","protected":false},"author":1,"featured_media":0,"parent":0,"menu_order":0,"comment_status":"closed","ping_status":"closed","template":"","meta":[],"acf":[],"_links":{"self":[{"href":"https:\/\/ifdpujol-crr.infd.edu.ar\/sitio\/wp-json\/wp\/v2\/pages\/286"}],"collection":[{"href":"https:\/\/ifdpujol-crr.infd.edu.ar\/sitio\/wp-json\/wp\/v2\/pages"}],"about":[{"href":"https:\/\/ifdpujol-crr.infd.edu.ar\/sitio\/wp-json\/wp\/v2\/types\/page"}],"author":[{"embeddable":true,"href":"https:\/\/ifdpujol-crr.infd.edu.ar\/sitio\/wp-json\/wp\/v2\/users\/1"}],"replies":[{"embeddable":true,"href":"https:\/\/ifdpujol-crr.infd.edu.ar\/sitio\/wp-json\/wp\/v2\/comments?post=286"}],"version-history":[{"count":85,"href":"https:\/\/ifdpujol-crr.infd.edu.ar\/sitio\/wp-json\/wp\/v2\/pages\/286\/revisions"}],"predecessor-version":[{"id":1144,"href":"https:\/\/ifdpujol-crr.infd.edu.ar\/sitio\/wp-json\/wp\/v2\/pages\/286\/revisions\/1144"}],"wp:attachment":[{"href":"https:\/\/ifdpujol-crr.infd.edu.ar\/sitio\/wp-json\/wp\/v2\/media?parent=286"}],"curies":[{"name":"wp","href":"https:\/\/api.w.org\/{rel}","templated":true}]}}