{"id":318,"date":"2016-10-31T14:20:44","date_gmt":"2016-10-31T17:20:44","guid":{"rendered":"https:\/\/ifdpujol-crr.infd.edu.ar\/sitio\/?page_id=318"},"modified":"2021-05-18T23:29:03","modified_gmt":"2021-05-19T02:29:03","slug":"contacto","status":"publish","type":"page","link":"https:\/\/ifdpujol-crr.infd.edu.ar\/sitio\/contacto\/","title":{"rendered":"Contacto"},"content":{"rendered":"<p>Para contactarse con el ISFD Dr. Juan Pujol, elija la mejor de las opciones:<br \/>\n1) Para asuntos relacionados con las carreras:<br \/>\nProf. de Ed. Inicial: <a href=\"https:\/\/www.facebook.com\/groups\/547277572110730\">Paula Rodr\u00edguez<\/a>\u00a0 &#8211; <a href=\"inicialvespertinoisfdpujol@gmail.com\">Pilar Lema<\/a><\/p>\n<p>Prof. de Ed. Primaria: <a href=\"mglecca67@gmail.com\">M\u00f3nica Lecca<\/a> &#8211; <a href=\"pao.mambrin@gmail.com\">Paola Mambr\u00edn<\/a><\/p>\n<p>Prof. de Ed. Sec. en Inform\u00e1tica: <a href=\"parednancy@gmail.com\">Nancy Pared<\/a><\/p>\n<p>Prof. de Ed. Sec. en Lengua y Literatura: <a href=\"mii_cri@hotmail.com\">Maylen Issler<\/a>\u00a0 <a href=\"profpared@gmail.com\">Antonio Pared <\/a><\/p>\n<p>Prof. de Ed. Sec. en Matem\u00e1tica: <a href=\"pamela.emilia.renata@gmail.com\">Pamela Bernal<\/a> &#8211; Sara Alarc\u00f3n<\/p>\n<p>Prof. de Teatro: <a href=\"blasalbertoayala@live.com.ar\">Blas Ayala<\/a><\/p>\n<p>2)<\/p>\n<p>&nbsp;<\/p>\n","protected":false},"excerpt":{"rendered":"<p>Para contactarse con el ISFD Dr. Juan Pujol, elija la mejor de las opciones: 1) Para asuntos relacionados con las carreras: Prof. de Ed. Inicial: Paula Rodr\u00edguez\u00a0 &#8211; Pilar Lema Prof. de Ed. Primaria: M\u00f3nica Lecca &#8211; Paola Mambr\u00edn Prof. de Ed. Sec. en Inform\u00e1tica: Nancy Pared Prof. de Ed. Sec. en Lengua y Literatura: &#8230; <a title=\"Contacto\" class=\"read-more\" href=\"https:\/\/ifdpujol-crr.infd.edu.ar\/sitio\/contacto\/\" aria-label=\"More on Contacto\">[+]<\/a><\/p>\n","protected":false},"author":1,"featured_media":0,"parent":0,"menu_order":0,"comment_status":"closed","ping_status":"closed","template":"","meta":[],"acf":[],"_links":{"self":[{"href":"https:\/\/ifdpujol-crr.infd.edu.ar\/sitio\/wp-json\/wp\/v2\/pages\/318"}],"collection":[{"href":"https:\/\/ifdpujol-crr.infd.edu.ar\/sitio\/wp-json\/wp\/v2\/pages"}],"about":[{"href":"https:\/\/ifdpujol-crr.infd.edu.ar\/sitio\/wp-json\/wp\/v2\/types\/page"}],"author":[{"embeddable":true,"href":"https:\/\/ifdpujol-crr.infd.edu.ar\/sitio\/wp-json\/wp\/v2\/users\/1"}],"replies":[{"embeddable":true,"href":"https:\/\/ifdpujol-crr.infd.edu.ar\/sitio\/wp-json\/wp\/v2\/comments?post=318"}],"version-history":[{"count":8,"href":"https:\/\/ifdpujol-crr.infd.edu.ar\/sitio\/wp-json\/wp\/v2\/pages\/318\/revisions"}],"predecessor-version":[{"id":1129,"href":"https:\/\/ifdpujol-crr.infd.edu.ar\/sitio\/wp-json\/wp\/v2\/pages\/318\/revisions\/1129"}],"wp:attachment":[{"href":"https:\/\/ifdpujol-crr.infd.edu.ar\/sitio\/wp-json\/wp\/v2\/media?parent=318"}],"curies":[{"name":"wp","href":"https:\/\/api.w.org\/{rel}","templated":true}]}}