{"id":828,"date":"2018-06-28T17:13:16","date_gmt":"2018-06-28T20:13:16","guid":{"rendered":"https:\/\/ifdpujol-crr.infd.edu.ar\/sitio\/autoridades\/"},"modified":"2023-04-29T08:41:23","modified_gmt":"2023-04-29T11:41:23","slug":"autoridades","status":"publish","type":"page","link":"https:\/\/ifdpujol-crr.infd.edu.ar\/sitio\/autoridades\/","title":{"rendered":"Autoridades"},"content":{"rendered":"\n<p>Rectora: <strong>Haydee G\u00f3mez<\/strong>.<\/p>\n\n\n\n<p>Vice Rectora: <strong>Marcela Gim\u00e9nez<\/strong>.<\/p>\n\n\n\n<p>Regente: <strong>Fabi\u00e1n Espinosa<\/strong>.<\/p>\n\n\n\n<h2 class=\"wp-block-heading\">Coordinadores<\/h2>\n\n\n\n<h2 class=\"wp-block-heading\">Coordinadores de Carrera<\/h2>\n\n\n\n<p><strong>Coordinadora del Profesorado para la Educaci\u00f3n Inicial:<\/strong>  <\/p>\n\n\n\n<p><strong>Coordinadora del Profesorado de Educaci\u00f3n Primaria:<\/strong> <\/p>\n\n\n\n<p><strong>Coordinadora del Profesorado de Educaci\u00f3n Secundaria en Matem\u00e1tica:<\/strong>  <\/p>\n\n\n\n<p><strong>Coordinador del Profesorado de Educaci\u00f3n Secundaria en Lengua y Literatura:<\/strong> Horacio Sosa <\/p>\n\n\n\n<p><strong>Coordinador del Profesorado de Educaci\u00f3n Secundaria en Inform\u00e1tica:<\/strong>\u00a0Gustavo Mart\u00ednez <\/p>\n\n\n\n<p><strong>Coordinadora del Profesorado de Educaci\u00f3n Secundaria en Teatro:<\/strong>\u00a0<\/p>\n\n\n\n<h2 class=\"wp-block-heading\">Preceptores<\/h2>\n\n\n\n<p><strong>Inform\u00e1tica &#8211; Turno vespertino:<\/strong> <\/p>\n\n\n\n<p>Preceptora Nancy Pared (1\u00b0 A, 1\u00b0 B, 2\u00b0 U, 3\u00b0 U, 4\u00b0 U)<\/p>\n\n\n\n<p><strong>Matem\u00e1tica &#8211; Turno vespertino:<\/strong> <\/p>\n\n\n\n<p>Preceptora Laura Monz\u00f3n (1\u00b0 A, 1\u00b0 B, 2\u00b0 A, 2\u00b0 B)<\/p>\n\n\n\n<p>Preceptora Sara Alarc\u00f3n (3\u00b0 A, 3\u00b0 B, 4\u00b0 A, 4\u00b0 B)<\/p>\n\n\n\n<p><strong>Lengua y Literatura &#8211; Turno vespertino:<\/strong> <\/p>\n\n\n\n<p>Preceptor Antonio Pared, Suplente: Dar\u00edo Duarte (1\u00b0 A, 1\u00b0 B, 1\u00b0 C, 2\u00b0 A, 2\u00b0 B)<\/p>\n\n\n\n<p>Preceptora Maylen Issler (3\u00b0 A, 3\u00b0 B, 4\u00b0 A, 4\u00b0 B)<\/p>\n\n\n\n<p><strong>Teatro &#8211; Turno vespertino:<\/strong> <\/p>\n\n\n\n<p>Preceptor Blas Ayala (1\u00b0 U, 2\u00b0 U, 3\u00b0 U, 4\u00b0 U)<\/p>\n\n\n\n<p><strong>Inicial &#8211; Turno Ma\u00f1ana:<\/strong> <\/p>\n\n\n\n<p>Preceptora Paula Rodr\u00edguez (1\u00b0 A, 1\u00b0 B, 2\u00b0 A, 2\u00b0 B, 3\u00b0 A)<\/p>\n\n\n\n<p><strong>Turno Vespertino:<\/strong><\/p>\n\n\n\n<p>Preceptora Pilar Lema Vespa (2\u00b0 C, 3\u00b0 B, 4\u00b0 A, 4\u00b0 B)<\/p>\n\n\n\n<p><strong>Primaria &#8211; Turno Tarde:<\/strong> <\/p>\n\n\n\n<p>Preceptora M\u00f3nica Lecca (1\u00b0 A, 1\u00b0 B, 2\u00b0 A, 2\u00b0 B, 3\u00b0 A)<\/p>\n\n\n\n<p><strong>Turno Vespertino:<\/strong><\/p>\n\n\n\n<p>Preceptora Macarena Sesin Ort\u00edz (1\u00b0 C, 2\u00b0 C, 3\u00b0 B, 4\u00b0 A, 4\u00b0 B)<\/p>\n","protected":false},"excerpt":{"rendered":"<p>Rectora: Haydee G\u00f3mez. Vice Rectora: Marcela Gim\u00e9nez. Regente: Fabi\u00e1n Espinosa. Coordinadores Coordinadores de Carrera Coordinadora del Profesorado para la Educaci\u00f3n Inicial: Coordinadora del Profesorado de Educaci\u00f3n Primaria: Coordinadora del Profesorado de Educaci\u00f3n Secundaria en Matem\u00e1tica: Coordinador del Profesorado de Educaci\u00f3n Secundaria en Lengua y Literatura: Horacio Sosa Coordinador del Profesorado de Educaci\u00f3n Secundaria en Inform\u00e1tica:\u00a0Gustavo &#8230; <a title=\"Autoridades\" class=\"read-more\" href=\"https:\/\/ifdpujol-crr.infd.edu.ar\/sitio\/autoridades\/\" aria-label=\"More on Autoridades\">[+]<\/a><\/p>\n","protected":false},"author":1435,"featured_media":0,"parent":0,"menu_order":0,"comment_status":"closed","ping_status":"closed","template":"","meta":[],"acf":[],"_links":{"self":[{"href":"https:\/\/ifdpujol-crr.infd.edu.ar\/sitio\/wp-json\/wp\/v2\/pages\/828"}],"collection":[{"href":"https:\/\/ifdpujol-crr.infd.edu.ar\/sitio\/wp-json\/wp\/v2\/pages"}],"about":[{"href":"https:\/\/ifdpujol-crr.infd.edu.ar\/sitio\/wp-json\/wp\/v2\/types\/page"}],"author":[{"embeddable":true,"href":"https:\/\/ifdpujol-crr.infd.edu.ar\/sitio\/wp-json\/wp\/v2\/users\/1435"}],"replies":[{"embeddable":true,"href":"https:\/\/ifdpujol-crr.infd.edu.ar\/sitio\/wp-json\/wp\/v2\/comments?post=828"}],"version-history":[{"count":7,"href":"https:\/\/ifdpujol-crr.infd.edu.ar\/sitio\/wp-json\/wp\/v2\/pages\/828\/revisions"}],"predecessor-version":[{"id":1153,"href":"https:\/\/ifdpujol-crr.infd.edu.ar\/sitio\/wp-json\/wp\/v2\/pages\/828\/revisions\/1153"}],"wp:attachment":[{"href":"https:\/\/ifdpujol-crr.infd.edu.ar\/sitio\/wp-json\/wp\/v2\/media?parent=828"}],"curies":[{"name":"wp","href":"https:\/\/api.w.org\/{rel}","templated":true}]}}